{"id":525,"date":"2017-05-12T11:39:34","date_gmt":"2017-05-12T09:39:34","guid":{"rendered":"http:\/\/www.michael-reimann.ch\/gosh\/?page_id=525"},"modified":"2023-01-11T19:59:14","modified_gmt":"2023-01-11T18:59:14","slug":"neue-ep-go-go-gosh","status":"publish","type":"page","link":"https:\/\/www.michael-reimann.ch\/gosh\/","title":{"rendered":"Musik f\u00fcr Kopf, Herz und Beine"},"content":{"rendered":"\n<h2>Songs<\/h2>\n\n\n<div id=\"audioigniter-777\" class=\"audioigniter-root \" data-player-type=\"simple\" data-tracks-url=\"https:\/\/www.michael-reimann.ch\/gosh\/?audioigniter_playlist_id=777\" data-display-track-no=\"true\" data-reverse-track-order=\"false\" data-display-tracklist-covers=\"true\" data-display-active-cover=\"true\" data-display-artist-names=\"true\" data-display-buy-buttons=\"true\" data-buy-buttons-target=\"true\" data-cycle-tracks=\"true\" data-display-credits=\"true\" data-display-tracklist=\"true\" data-allow-tracklist-toggle=\"true\" data-allow-tracklist-loop=\"true\" data-limit-tracklist-height=\"true\" data-volume=\"100\" data-tracklist-height=\"185\" ><\/div>\n\n\n\n<p>Jetzt bei <a rel=\"noreferrer noopener\" href=\"https:\/\/open.spotify.com\/album\/1anxEoEapvy77fauzkr4U6?si=ZxaJ_kEAR0aqiVAbpvUU3A\" target=\"_blank\">Spotify<\/a>, <a rel=\"noreferrer noopener\" href=\"https:\/\/music.apple.com\/ch\/album\/go-go-gosh-ep\/1545383133\" target=\"_blank\">iTunes<\/a>, TIDAL, Amazon und Co. &#8230;<\/p>\n\n\n\n<h2>\u00dcber Gosh<\/h2>\n\n\n\n<div class=\"wp-block-media-text alignwide is-stacked-on-mobile\" style=\"grid-template-columns:24% auto\"><figure class=\"wp-block-media-text__media\"><img decoding=\"async\" loading=\"lazy\" width=\"1024\" height=\"1024\" src=\"|!|vcvUploadUrl|!|\/2016\/12\/IMG_20161206_213841_processed-1024x1024.jpg\" alt=\"\" class=\"wp-image-406 size-full\" srcset=\"https:\/\/www.michael-reimann.ch\/gosh\/wp-content\/uploads\/2016\/12\/IMG_20161206_213841_processed-1024x1024.jpg 1024w, https:\/\/www.michael-reimann.ch\/gosh\/wp-content\/uploads\/2016\/12\/IMG_20161206_213841_processed-150x150.jpg 150w, https:\/\/www.michael-reimann.ch\/gosh\/wp-content\/uploads\/2016\/12\/IMG_20161206_213841_processed-600x600.jpg 600w, https:\/\/www.michael-reimann.ch\/gosh\/wp-content\/uploads\/2016\/12\/IMG_20161206_213841_processed-768x768.jpg 768w, https:\/\/www.michael-reimann.ch\/gosh\/wp-content\/uploads\/2016\/12\/IMG_20161206_213841_processed-360x360.jpg 360w, https:\/\/www.michael-reimann.ch\/gosh\/wp-content\/uploads\/2016\/12\/IMG_20161206_213841_processed-700x700.jpg 700w, https:\/\/www.michael-reimann.ch\/gosh\/wp-content\/uploads\/2016\/12\/IMG_20161206_213841_processed.jpg 1080w\" sizes=\"(max-width: 1024px) 100vw, 1024px\" \/><\/figure><div class=\"wp-block-media-text__content\">\n<div class=\"is-layout-flow wp-block-group\"><div class=\"wp-block-group__inner-container\">\n<p>Ganz eigener Stil. Manche nennen es &#8220;Gosh-Trash&#8221;, wir nennen es &#8220;Konstanzer Schule&#8221;.  2 Gitarren, Bass, Schlagzeug &#8211; klassisch. Covern war gestern, eigene St\u00fccke, eigener Sound. Intelligente und  humorvolle Texte. Refrains, die Hirn und Herz erobern. Musik f\u00fcr  Kopf, Bauch und Beine.<\/p>\n\n\n\n<p> Mehr Info: <a href=\"https:\/\/www.michael-reimann.ch\/gosh\/ueber\/\">\u00dcber uns<\/a>  <\/p>\n<\/div><\/div>\n<\/div><\/div>\n\n\n\n<h2>Videos<\/h2>\n\n\n\n<h3>Ursula<\/h3>\n\n\n\n<p>Ursula, Unschuld vom Land<\/p>\n\n\n\n<p>Blondes Haar und Engelsgesicht, wer neben Dir stand, der stand im Licht<\/p>\n\n\n\n<p>Nur einmal hab&#8217; ich&#8217;s versucht, ich nahm Deine Hand<\/p>\n\n\n\n<p>Dein Blick ging durch mich durch, ich war nur Luft f\u00fcr Dich<\/p>\n\n\n\n<figure class=\"wp-block-video\"><video controls poster=\"https:\/\/www.michael-reimann.ch\/gosh\/wp-content\/uploads\/2020\/12\/Ursula-teaser-mov-image.jpg\" src=\"https:\/\/www.michael-reimann.ch\/gosh\/wp-content\/uploads\/2020\/12\/Ursula-teaser.mov\"><\/video><\/figure>\n\n\n\n<h3>Nikotin<\/h3>\n\n\n\n<p>Ich weiss nicht, was mir an Dir gef\u00e4llt<\/p>\n\n\n\n<p>Ich weiss nicht, warum ich Dich brauch<\/p>\n\n\n\n<p>Ich weiss nur eins, ich brauch Dich jetzt<\/p>\n\n\n\n<figure><iframe loading=\"lazy\" src=\"https:\/\/www.youtube.com\/embed\/GPJsRpPdazk\" allowfullscreen=\"allowfullscreen\" width=\"854\" height=\"480\" frameborder=\"0\"><\/iframe><\/figure>\n\n\n\n<p>(P) 2018 by GOSH, mixed by <a href=\"http:\/\/mulexmusic.de\/\">Mulex<\/a><\/p>\n\n\n\n<hr class=\"wp-block-separator has-css-opacity\"\/>\n\n\n\n<h3>Jung und sch\u00f6n<\/h3>\n\n\n\n<p>Wir waren jung, wir waren d\u00fcnn, wir waren cool, wir waren sch\u00f6n<\/p>\n\n\n\n<p>Wir wollten viel und alles ganz ganz schnell<\/p>\n\n\n\n<p>wir schauten nie zur\u00fcck, wir nahmen uns das gr\u00f6sste St\u00fcck<\/p>\n\n\n\n<p>wir waren frech und laut und \u00fcberhaupt verr\u00fcckt &#8230;<\/p>\n\n\n\n<figure><iframe loading=\"lazy\" src=\"https:\/\/www.youtube.com\/embed\/KuUNx8Wy23M?ecver=2\" allowfullscreen=\"allowfullscreen\" width=\"854\" height=\"480\" frameborder=\"0\"><\/iframe><\/figure>\n\n\n\n<div class=\"is-layout-flow wp-block-group\"><div class=\"wp-block-group__inner-container\"><\/div><\/div>\n\n\n\n<hr class=\"wp-block-separator has-css-opacity\"\/>\n\n\n\n<h3>Bekomme ich bitte mal ein Bier?<\/h3>\n\n\n\n<p>Wie oft habe ich diesen Satz gesagt?<\/p>\n\n\n\n<p>Wie oft habe ich darauf gewartet diesen Satz zu sagen?<\/p>\n\n\n\n<p>Wie viele Menschen haben mir freundlich zugenickt?<\/p>\n\n\n\n<p>I don&#8217;t know, and I don&#8217;t care&#8230;<\/p>\n\n\n\n<figure><iframe loading=\"lazy\" src=\"https:\/\/www.youtube.com\/embed\/_AbHfeWHGxM?ecver=2\" allowfullscreen=\"allowfullscreen\" width=\"854\" height=\"480\" frameborder=\"0\"><\/iframe><\/figure>\n\n\n\n<hr class=\"wp-block-separator has-css-opacity\"\/>\n\n\n\n<h3>From Venus to Mars<\/h3>\n\n\n\n<p>First, you were my sun<\/p>\n\n\n\n<p>then you became a dark star<\/p>\n\n\n\n<p>Once you were my moon<\/p>\n\n\n\n<p>Until you vanished slowly\u2026<\/p>\n\n\n\n<h3><figure><iframe loading=\"lazy\" src=\"https:\/\/www.youtube.com\/embed\/k9xHEWySz84\" allowfullscreen=\"allowfullscreen\" width=\"854\" height=\"480\" frameborder=\"0\"><\/figure>asd<\/h3><\/iframe><\/figure><\/h3>\n\n\n\n<hr class=\"wp-block-separator has-css-opacity\"\/>\n\n\n\n<h2>Das Gosh-Line-up<\/h2>\n\n\n\n<p>Orri Reimann, Gitarre &amp; Gesang<\/p>\n\n\n\n<p>Martin Lambek, Gitarre &amp; Gesang<\/p>\n\n\n\n<p>Werner Dietrich, Schlagzeug<\/p>\n\n\n\n<p>Simon Lehmann, Bass &amp; Gesang<\/p>\n\n\n\n<hr class=\"wp-block-separator has-css-opacity\"\/>\n\n\n\n<h2>Info und Kontakt<\/h2>\n\n\n\n<p><a href=\"http:\/\/www.gosh.rocks\">www.gosh.rocks<\/a><\/p>\n\n\n\n<p><a href=\"http:\/\/www.facebook.com\/goshrocks\">www.facebook.com\/goshrocks<\/a><\/p>\n\n\n\n<p><a href=\"mailto:band@gosh.rocks\">band@gosh.rocks<\/a><\/p>\n\n\n\n<hr class=\"wp-block-separator has-css-opacity\"\/>\n\n\n\n<p><\/p>\n","protected":false},"excerpt":{"rendered":"<p>Songs Jetzt bei Spotify, iTunes, TIDAL, Amazon und Co. &#8230; \u00dcber Gosh Videos Ursula Ursula, Unschuld vom Land Blondes Haar und Engelsgesicht, wer neben Dir stand, der stand im Licht Nur einmal hab&#8217; ich&#8217;s versucht, ich nahm Deine Hand Dein Blick ging durch mich durch, ich war nur Luft f\u00fcr Dich Nikotin Ich weiss nicht, &hellip; <\/p>\n<p class=\"link-more\"><a href=\"https:\/\/www.michael-reimann.ch\/gosh\/\" class=\"more-link\"><span class=\"screen-reader-text\">\u201eMusik f\u00fcr Kopf, Herz und Beine\u201c<\/span> weiterlesen<\/a><\/p>\n","protected":false},"author":1,"featured_media":798,"parent":0,"menu_order":0,"comment_status":"closed","ping_status":"closed","template":"","meta":{"ngg_post_thumbnail":0},"_links":{"self":[{"href":"https:\/\/www.michael-reimann.ch\/gosh\/wp-json\/wp\/v2\/pages\/525"}],"collection":[{"href":"https:\/\/www.michael-reimann.ch\/gosh\/wp-json\/wp\/v2\/pages"}],"about":[{"href":"https:\/\/www.michael-reimann.ch\/gosh\/wp-json\/wp\/v2\/types\/page"}],"author":[{"embeddable":true,"href":"https:\/\/www.michael-reimann.ch\/gosh\/wp-json\/wp\/v2\/users\/1"}],"replies":[{"embeddable":true,"href":"https:\/\/www.michael-reimann.ch\/gosh\/wp-json\/wp\/v2\/comments?post=525"}],"version-history":[{"count":110,"href":"https:\/\/www.michael-reimann.ch\/gosh\/wp-json\/wp\/v2\/pages\/525\/revisions"}],"predecessor-version":[{"id":861,"href":"https:\/\/www.michael-reimann.ch\/gosh\/wp-json\/wp\/v2\/pages\/525\/revisions\/861"}],"wp:featuredmedia":[{"embeddable":true,"href":"https:\/\/www.michael-reimann.ch\/gosh\/wp-json\/wp\/v2\/media\/798"}],"wp:attachment":[{"href":"https:\/\/www.michael-reimann.ch\/gosh\/wp-json\/wp\/v2\/media?parent=525"}],"curies":[{"name":"wp","href":"https:\/\/api.w.org\/{rel}","templated":true}]}}